{"id":16,"date":"2018-05-30T08:43:14","date_gmt":"2018-05-30T08:43:14","guid":{"rendered":"http:\/\/apaycachana6.com\/?page_id=16"},"modified":"2021-11-11T09:25:23","modified_gmt":"2021-11-11T09:25:23","slug":"inicio","status":"publish","type":"page","link":"https:\/\/gercyl.com\/","title":{"rendered":"Bienvenidos a GeRCyL \u00ae"},"content":{"rendered":"\n<p class=\"has-text-color has-medium-font-size\" style=\"color:#397f34\"><strong>G.R.N.P. CL 31\/14<br>N.I.M.A. 2400038452<\/strong><\/p>\n\n\n\n<h1 class=\"has-text-color has-medium-font-size wp-block-heading\" style=\"color:#397f34\"><strong>Gestionando residuos ayudamos al medioambiente<\/strong><\/h1>\n\n\n\n<p><\/p>\n\n\n<p>Somos especialistas en compostaje con una planta de gesti\u00f3n de residuos org\u00e1nicos con capacidad de gesti\u00f3n de 100.000 toneladas anuales, consiguiendo la valorizaci\u00f3n de residuos de empresas, ganaderos y entidades locales.<\/p>\n<p>En <strong>GerCyL\u00ae<\/strong> ponemos todo nuestro exfuerzo, experiencia y conocimientos t\u00e9cnicos en la nada f\u00e1cil pero fundamental tarea de gestionar residuos dentro del paradigma de econom\u00eda circular y estamos convencidos de que en este proceso colaboramos en la conservaci\u00f3n del medio ambiente.<\/p>\n<p>Nuestra labor ha sido recientemente reconocida e incluida dentro del proyecto <strong><a href=\"https:\/\/marketplace.circularlabstoolkit.eu\/marketplace\/invernadero-sostenible-con-control-climatico\">Circular Labs<\/a><\/strong>, cofinanciado por los fondos FEDER de la Uni\u00f3n Europea a trav\u00e9s del programa de Cooperaci\u00f3n Transfronteriza INTERREG V-A Espa\u00f1a Portugal. Su fin es el de integrar la econom\u00eda circular en la cultura emprendedora y la generaci\u00f3n de nuevas ideas en todas las fases de la cadena de valor materializadas en la creaci\u00f3n de nuevos productos y procesos.&nbsp;<\/p>\n\n\n<figure class=\"wp-block-image size-full\"><img loading=\"lazy\" decoding=\"async\" width=\"500\" height=\"80\" src=\"https:\/\/gercyl.com\/wp-content\/uploads\/2021\/10\/Circular-Labs-Interreg-EP_1.png\" alt=\"\" class=\"wp-image-1054\" srcset=\"https:\/\/gercyl.com\/wp-content\/uploads\/2021\/10\/Circular-Labs-Interreg-EP_1.png 500w, https:\/\/gercyl.com\/wp-content\/uploads\/2021\/10\/Circular-Labs-Interreg-EP_1-300x48.png 300w, https:\/\/gercyl.com\/wp-content\/uploads\/2021\/10\/Circular-Labs-Interreg-EP_1-150x24.png 150w\" sizes=\"auto, (max-width: 500px) 100vw, 500px\" \/><\/figure>\n\n\n\n<h4 class=\"has-text-color has-normal-font-size wp-block-heading\" style=\"color:#397f34\"><strong>\u00abLa tierra no es una herencia de nuestros padres, es un pr\u00e9stamo de nuestros hij<em>os\u00bb<\/em><\/strong><\/h4>\n\n\n\n<p><\/p>\n\n\n\n<figure class=\"wp-block-image size-large\"><img loading=\"lazy\" decoding=\"async\" width=\"1024\" height=\"413\" src=\"https:\/\/gercyl.com\/wp-content\/uploads\/2021\/11\/patata-1024x413.jpg\" alt=\"\" class=\"wp-image-1116\" srcset=\"https:\/\/gercyl.com\/wp-content\/uploads\/2021\/11\/patata-1024x413.jpg 1024w, https:\/\/gercyl.com\/wp-content\/uploads\/2021\/11\/patata-300x121.jpg 300w, https:\/\/gercyl.com\/wp-content\/uploads\/2021\/11\/patata-768x310.jpg 768w, https:\/\/gercyl.com\/wp-content\/uploads\/2021\/11\/patata-150x61.jpg 150w, https:\/\/gercyl.com\/wp-content\/uploads\/2021\/11\/patata.jpg 1140w\" sizes=\"auto, (max-width: 1024px) 100vw, 1024px\" \/><\/figure>\n","protected":false},"excerpt":{"rendered":"<p>G.R.N.P. CL 31\/14N.I.M.A. 2400038452 Gestionando residuos ayudamos al medioambiente Somos especialistas en compostaje con una planta de gesti\u00f3n de residuos org\u00e1nicos con capacidad de gesti\u00f3n de 100.000 toneladas anuales, consiguiendo la valorizaci\u00f3n de residuos de empresas, ganaderos y entidades locales. En GerCyL\u00ae ponemos todo nuestro exfuerzo, experiencia y conocimientos t\u00e9cnicos\u2026<\/p>\n<p class=\"continue-reading-button\"> <a class=\"continue-reading-link\" href=\"https:\/\/gercyl.com\/\">Continue reading<i class=\"crycon-right-dir\"><\/i><\/a><\/p>\n","protected":false},"author":1,"featured_media":0,"parent":0,"menu_order":0,"comment_status":"closed","ping_status":"closed","template":"","meta":{"footnotes":""},"class_list":["post-16","page","type-page","status-publish","hentry"],"_links":{"self":[{"href":"https:\/\/gercyl.com\/index.php\/wp-json\/wp\/v2\/pages\/16","targetHints":{"allow":["GET"]}}],"collection":[{"href":"https:\/\/gercyl.com\/index.php\/wp-json\/wp\/v2\/pages"}],"about":[{"href":"https:\/\/gercyl.com\/index.php\/wp-json\/wp\/v2\/types\/page"}],"author":[{"embeddable":true,"href":"https:\/\/gercyl.com\/index.php\/wp-json\/wp\/v2\/users\/1"}],"replies":[{"embeddable":true,"href":"https:\/\/gercyl.com\/index.php\/wp-json\/wp\/v2\/comments?post=16"}],"version-history":[{"count":19,"href":"https:\/\/gercyl.com\/index.php\/wp-json\/wp\/v2\/pages\/16\/revisions"}],"predecessor-version":[{"id":1118,"href":"https:\/\/gercyl.com\/index.php\/wp-json\/wp\/v2\/pages\/16\/revisions\/1118"}],"wp:attachment":[{"href":"https:\/\/gercyl.com\/index.php\/wp-json\/wp\/v2\/media?parent=16"}],"curies":[{"name":"wp","href":"https:\/\/api.w.org\/{rel}","templated":true}]}}