{"id":1019,"date":"2021-10-21T16:13:46","date_gmt":"2021-10-21T16:13:46","guid":{"rendered":"http:\/\/gercyl.com\/?page_id=1019"},"modified":"2021-11-12T08:59:06","modified_gmt":"2021-11-12T08:59:06","slug":"asesoria-agricola","status":"publish","type":"page","link":"https:\/\/gercyl.com\/index.php\/asesoria-agricola\/","title":{"rendered":"Asesor\u00eda agr\u00edcola"},"content":{"rendered":"\n<ul class=\"wp-block-list\"><li>Implantaci\u00f3n de certificaciones GLOBAL GAP 5.3 y 5.4. gesti\u00f3n documental, elaboraci\u00f3n de informes, creaci\u00f3n de regristros, etc.<\/li><li>Planes de abonado en cultivo al aire libre e invernadero. Seguimiento de cultivos, recomendaciones de tratamiento.<\/li><li>Elaboraci\u00f3n de Cuadernos de Campo.<\/li><li>Desarrollo de charlas con el fin de fomentar el uso de abonos org\u00e1nicos.<\/li><\/ul>\n\n\n\n<p><\/p>\n\n\n\n<figure class=\"wp-block-image size-large\"><img loading=\"lazy\" decoding=\"async\" width=\"1024\" height=\"413\" src=\"https:\/\/gercyl.com\/wp-content\/uploads\/2021\/11\/patata-1024x413.jpg\" alt=\"\" class=\"wp-image-1116\" srcset=\"https:\/\/gercyl.com\/wp-content\/uploads\/2021\/11\/patata-1024x413.jpg 1024w, https:\/\/gercyl.com\/wp-content\/uploads\/2021\/11\/patata-300x121.jpg 300w, https:\/\/gercyl.com\/wp-content\/uploads\/2021\/11\/patata-768x310.jpg 768w, https:\/\/gercyl.com\/wp-content\/uploads\/2021\/11\/patata-150x61.jpg 150w, https:\/\/gercyl.com\/wp-content\/uploads\/2021\/11\/patata.jpg 1140w\" sizes=\"auto, (max-width: 1024px) 100vw, 1024px\" \/><\/figure>\n","protected":false},"excerpt":{"rendered":"<p>Implantaci\u00f3n de certificaciones GLOBAL GAP 5.3 y 5.4. gesti\u00f3n documental, elaboraci\u00f3n de informes, creaci\u00f3n de regristros, etc. Planes de abonado en cultivo al aire libre e invernadero. Seguimiento de cultivos, recomendaciones de tratamiento. Elaboraci\u00f3n de Cuadernos de Campo. Desarrollo de charlas con el fin de fomentar el uso de abonos\u2026<\/p>\n<p class=\"continue-reading-button\"> <a class=\"continue-reading-link\" href=\"https:\/\/gercyl.com\/index.php\/asesoria-agricola\/\">Continue reading<i class=\"crycon-right-dir\"><\/i><\/a><\/p>\n","protected":false},"author":1,"featured_media":0,"parent":0,"menu_order":0,"comment_status":"closed","ping_status":"closed","template":"","meta":{"footnotes":""},"class_list":["post-1019","page","type-page","status-publish","hentry"],"_links":{"self":[{"href":"https:\/\/gercyl.com\/index.php\/wp-json\/wp\/v2\/pages\/1019","targetHints":{"allow":["GET"]}}],"collection":[{"href":"https:\/\/gercyl.com\/index.php\/wp-json\/wp\/v2\/pages"}],"about":[{"href":"https:\/\/gercyl.com\/index.php\/wp-json\/wp\/v2\/types\/page"}],"author":[{"embeddable":true,"href":"https:\/\/gercyl.com\/index.php\/wp-json\/wp\/v2\/users\/1"}],"replies":[{"embeddable":true,"href":"https:\/\/gercyl.com\/index.php\/wp-json\/wp\/v2\/comments?post=1019"}],"version-history":[{"count":5,"href":"https:\/\/gercyl.com\/index.php\/wp-json\/wp\/v2\/pages\/1019\/revisions"}],"predecessor-version":[{"id":1122,"href":"https:\/\/gercyl.com\/index.php\/wp-json\/wp\/v2\/pages\/1019\/revisions\/1122"}],"wp:attachment":[{"href":"https:\/\/gercyl.com\/index.php\/wp-json\/wp\/v2\/media?parent=1019"}],"curies":[{"name":"wp","href":"https:\/\/api.w.org\/{rel}","templated":true}]}}