{"id":1018,"date":"2021-10-21T16:13:46","date_gmt":"2021-10-21T16:13:46","guid":{"rendered":"http:\/\/gercyl.com\/?page_id=1018"},"modified":"2021-11-11T09:34:04","modified_gmt":"2021-11-11T09:34:04","slug":"soluciones-para-ganaderos","status":"publish","type":"page","link":"https:\/\/gercyl.com\/index.php\/soluciones-para-ganaderos\/","title":{"rendered":"Agricultures y Ganaderos"},"content":{"rendered":"\n<p>En&nbsp;<strong>GerCyL\u00ae<\/strong>&nbsp;contamos con el conocimiento t\u00e9cnico y experiencia como para ofrecer una amplia gama de servicios al agricultores y ganaderos:<\/p>\n\n\n\n<ul class=\"wp-block-list\"><li>Gesti\u00f3n de residuos agr\u00edcolas (podas, destr\u00edos&#8230;)<\/li><li>Gesti\u00f3n de residuos ganaderos (esti\u00e9rcol, purines, gallinaza, huevos&#8230;)<\/li><li>Puesta a disposici\u00f3n decontenedores y camiones de recogida y almacenaje de residuos.<\/li><li>Gesti\u00f3n documental y asesoramiento para cumplir con la normativa vigente.<\/li><li>Gesti\u00f3n de anal\u00edticas.<\/li><li>Elaboraci\u00f3n de informes.<\/li><\/ul>\n\n\n\n<p><\/p>\n\n\n\n<figure class=\"wp-block-image size-large\"><img loading=\"lazy\" decoding=\"async\" width=\"1024\" height=\"413\" src=\"https:\/\/gercyl.com\/wp-content\/uploads\/2021\/11\/patata-1024x413.jpg\" alt=\"\" class=\"wp-image-1116\" srcset=\"https:\/\/gercyl.com\/wp-content\/uploads\/2021\/11\/patata-1024x413.jpg 1024w, https:\/\/gercyl.com\/wp-content\/uploads\/2021\/11\/patata-300x121.jpg 300w, https:\/\/gercyl.com\/wp-content\/uploads\/2021\/11\/patata-768x310.jpg 768w, https:\/\/gercyl.com\/wp-content\/uploads\/2021\/11\/patata-150x61.jpg 150w, https:\/\/gercyl.com\/wp-content\/uploads\/2021\/11\/patata.jpg 1140w\" sizes=\"auto, (max-width: 1024px) 100vw, 1024px\" \/><\/figure>\n","protected":false},"excerpt":{"rendered":"<p>En&nbsp;GerCyL\u00ae&nbsp;contamos con el conocimiento t\u00e9cnico y experiencia como para ofrecer una amplia gama de servicios al agricultores y ganaderos: Gesti\u00f3n de residuos agr\u00edcolas (podas, destr\u00edos&#8230;) Gesti\u00f3n de residuos ganaderos (esti\u00e9rcol, purines, gallinaza, huevos&#8230;) Puesta a disposici\u00f3n decontenedores y camiones de recogida y almacenaje de residuos. Gesti\u00f3n documental y asesoramiento para\u2026<\/p>\n<p class=\"continue-reading-button\"> <a class=\"continue-reading-link\" href=\"https:\/\/gercyl.com\/index.php\/soluciones-para-ganaderos\/\">Continue reading<i class=\"crycon-right-dir\"><\/i><\/a><\/p>\n","protected":false},"author":1,"featured_media":0,"parent":0,"menu_order":0,"comment_status":"closed","ping_status":"closed","template":"","meta":{"footnotes":""},"class_list":["post-1018","page","type-page","status-publish","hentry"],"_links":{"self":[{"href":"https:\/\/gercyl.com\/index.php\/wp-json\/wp\/v2\/pages\/1018","targetHints":{"allow":["GET"]}}],"collection":[{"href":"https:\/\/gercyl.com\/index.php\/wp-json\/wp\/v2\/pages"}],"about":[{"href":"https:\/\/gercyl.com\/index.php\/wp-json\/wp\/v2\/types\/page"}],"author":[{"embeddable":true,"href":"https:\/\/gercyl.com\/index.php\/wp-json\/wp\/v2\/users\/1"}],"replies":[{"embeddable":true,"href":"https:\/\/gercyl.com\/index.php\/wp-json\/wp\/v2\/comments?post=1018"}],"version-history":[{"count":9,"href":"https:\/\/gercyl.com\/index.php\/wp-json\/wp\/v2\/pages\/1018\/revisions"}],"predecessor-version":[{"id":1119,"href":"https:\/\/gercyl.com\/index.php\/wp-json\/wp\/v2\/pages\/1018\/revisions\/1119"}],"wp:attachment":[{"href":"https:\/\/gercyl.com\/index.php\/wp-json\/wp\/v2\/media?parent=1018"}],"curies":[{"name":"wp","href":"https:\/\/api.w.org\/{rel}","templated":true}]}}