{"id":1017,"date":"2021-10-21T16:13:46","date_gmt":"2021-10-21T16:13:46","guid":{"rendered":"http:\/\/gercyl.com\/?page_id=1017"},"modified":"2021-10-26T09:06:14","modified_gmt":"2021-10-26T09:06:14","slug":"soluciones-para-empresas","status":"publish","type":"page","link":"https:\/\/gercyl.com\/index.php\/soluciones-para-empresas\/","title":{"rendered":"Soluciones para empresas"},"content":{"rendered":"\n<p>En <strong>GerCyL\u00ae<\/strong> contamos con <strong>Autorizaci\u00f3n Ambiental Integrada<\/strong> que junto con el conocimiento t\u00e9cnico y experiencia acumulados nos permite ofrecer una amplia gama de servicios de gesti\u00f3n de residuos:<\/p>\n\n\n\n<ul class=\"wp-block-list\"><li>Gesti\u00f3n final de residuos generados (lodos, materiales inadecuados, podas, peladuras&#8230;.)<\/li><li>Gesti\u00f3n de residuos SANDACH.<\/li><li>Disposici\u00f3n de contenedores y camiones para almacenamiento y recogida.<\/li><li>Asesoramiento y ayuda con la gesti\u00f3n documental y cumplimiento de la normativa.<\/li><li>Expedici\u00f3n de certificados de correcta gesti\u00f3n de residuos<\/li><li>Gesti\u00f3n de anal\u00edticas.<\/li><li>Implantaci\u00f3n de certificaciones GLOBAL GAP 5.3 y 5.4. gesti\u00f3n documental, elaboraci\u00f3n de informes, creaci\u00f3n de regristros, etc.<\/li><\/ul>\n","protected":false},"excerpt":{"rendered":"<p>En GerCyL\u00ae contamos con Autorizaci\u00f3n Ambiental Integrada que junto con el conocimiento t\u00e9cnico y experiencia acumulados nos permite ofrecer una amplia gama de servicios de gesti\u00f3n de residuos: Gesti\u00f3n final de residuos generados (lodos, materiales inadecuados, podas, peladuras&#8230;.) Gesti\u00f3n de residuos SANDACH. Disposici\u00f3n de contenedores y camiones para almacenamiento y\u2026<\/p>\n<p class=\"continue-reading-button\"> <a class=\"continue-reading-link\" href=\"https:\/\/gercyl.com\/index.php\/soluciones-para-empresas\/\">Continue reading<i class=\"crycon-right-dir\"><\/i><\/a><\/p>\n","protected":false},"author":1,"featured_media":0,"parent":0,"menu_order":0,"comment_status":"closed","ping_status":"closed","template":"","meta":{"footnotes":""},"class_list":["post-1017","page","type-page","status-publish","hentry"],"_links":{"self":[{"href":"https:\/\/gercyl.com\/index.php\/wp-json\/wp\/v2\/pages\/1017","targetHints":{"allow":["GET"]}}],"collection":[{"href":"https:\/\/gercyl.com\/index.php\/wp-json\/wp\/v2\/pages"}],"about":[{"href":"https:\/\/gercyl.com\/index.php\/wp-json\/wp\/v2\/types\/page"}],"author":[{"embeddable":true,"href":"https:\/\/gercyl.com\/index.php\/wp-json\/wp\/v2\/users\/1"}],"replies":[{"embeddable":true,"href":"https:\/\/gercyl.com\/index.php\/wp-json\/wp\/v2\/comments?post=1017"}],"version-history":[{"count":4,"href":"https:\/\/gercyl.com\/index.php\/wp-json\/wp\/v2\/pages\/1017\/revisions"}],"predecessor-version":[{"id":1065,"href":"https:\/\/gercyl.com\/index.php\/wp-json\/wp\/v2\/pages\/1017\/revisions\/1065"}],"wp:attachment":[{"href":"https:\/\/gercyl.com\/index.php\/wp-json\/wp\/v2\/media?parent=1017"}],"curies":[{"name":"wp","href":"https:\/\/api.w.org\/{rel}","templated":true}]}}