{"id":1016,"date":"2021-10-21T16:13:46","date_gmt":"2021-10-21T16:13:46","guid":{"rendered":"http:\/\/gercyl.com\/?page_id=1016"},"modified":"2021-11-15T17:24:34","modified_gmt":"2021-11-15T17:24:34","slug":"abonos-y-sustratos","status":"publish","type":"page","link":"https:\/\/gercyl.com\/index.php\/abonos-y-sustratos\/","title":{"rendered":"Abonos y Sustratos"},"content":{"rendered":"\n<p>Nuestro mayor logro es la obtenci\u00f3n de un fertilizante natural, un compost con todas las garant\u00edas agron\u00f3micas, capaz de mejorar los rendimientos de los cultivos de nuestros clientes a\u00f1o tras a\u00f1o.<\/p>\n\n\n\n<p>Todo comienza con la recepci\u00f3n de residuos y en funci\u00f3n de sus caracter\u00edsticas y composici\u00f3n, se realizan las correspondientes mezclas.<\/p>\n\n\n\n<p>Posteriormente se realiza una meseta de compostaje, donde en todo momento se monitoriza el proceso de elaboraci\u00f3n del compost, prestando especial atenci\u00f3n al registro de temperaturas.<\/p>\n\n\n\n<p>Tras un largo proceso de varios meses de fermentaci\u00f3n y maduraci\u00f3n ayudado por volteos mec\u00e1nicos y riegos el compost es retirado y refinado. Actualmente contamos con diferentes marcas de compost con registro en la Oficina Espa\u00f1ola de Patentes y Marcas.<\/p>\n\n\n\n<p><\/p>\n\n\n\n<h4 class=\"has-text-color wp-block-heading\" style=\"color:#397f34\">Pincha en este enlace para ver las anal\u00edticas<\/h4>\n\n\n\n<div class=\"wp-block-columns is-layout-flex wp-container-core-columns-is-layout-1 wp-block-columns-is-layout-flex\">\n<div class=\"wp-block-column is-layout-flow wp-block-column-is-layout-flow\" style=\"flex-basis:100%\">\n<div class=\"wp-block-group\"><div class=\"wp-block-group__inner-container is-layout-flow wp-block-group-is-layout-flow\">\n<div class=\"wp-block-file\"><a href=\"https:\/\/gercyl.com\/wp-content\/uploads\/2021\/11\/Compost-2004B-MAYO-2021.pdf\">Abono Terra Mayo 2021<\/a><\/div>\n\n\n\n<div class=\"wp-block-file\"><a href=\"https:\/\/gercyl.com\/wp-content\/uploads\/2021\/11\/Noviembre-2021-ABONO-TERRA-MAX.pdf\">Abono Terra Max 2021<\/a><\/div>\n<\/div><\/div>\n<\/div>\n<\/div>\n\n\n\n<p><\/p>\n\n\n\n<figure class=\"wp-block-image size-large is-style-rounded\"><img loading=\"lazy\" decoding=\"async\" width=\"1024\" height=\"461\" src=\"https:\/\/gercyl.com\/wp-content\/uploads\/2021\/10\/volteadora-2-1024x461.jpg\" alt=\"\" class=\"wp-image-1058\" srcset=\"https:\/\/gercyl.com\/wp-content\/uploads\/2021\/10\/volteadora-2-1024x461.jpg 1024w, https:\/\/gercyl.com\/wp-content\/uploads\/2021\/10\/volteadora-2-300x135.jpg 300w, https:\/\/gercyl.com\/wp-content\/uploads\/2021\/10\/volteadora-2-768x346.jpg 768w, https:\/\/gercyl.com\/wp-content\/uploads\/2021\/10\/volteadora-2-1536x691.jpg 1536w, https:\/\/gercyl.com\/wp-content\/uploads\/2021\/10\/volteadora-2-2048x922.jpg 2048w, https:\/\/gercyl.com\/wp-content\/uploads\/2021\/10\/volteadora-2-780x350.jpg 780w, https:\/\/gercyl.com\/wp-content\/uploads\/2021\/10\/volteadora-2-150x68.jpg 150w\" sizes=\"auto, (max-width: 1024px) 100vw, 1024px\" \/><\/figure>\n","protected":false},"excerpt":{"rendered":"<p>Nuestro mayor logro es la obtenci\u00f3n de un fertilizante natural, un compost con todas las garant\u00edas agron\u00f3micas, capaz de mejorar los rendimientos de los cultivos de nuestros clientes a\u00f1o tras a\u00f1o. Todo comienza con la recepci\u00f3n de residuos y en funci\u00f3n de sus caracter\u00edsticas y composici\u00f3n, se realizan las correspondientes\u2026<\/p>\n<p class=\"continue-reading-button\"> <a class=\"continue-reading-link\" href=\"https:\/\/gercyl.com\/index.php\/abonos-y-sustratos\/\">Continue reading<i class=\"crycon-right-dir\"><\/i><\/a><\/p>\n","protected":false},"author":1,"featured_media":0,"parent":0,"menu_order":0,"comment_status":"closed","ping_status":"closed","template":"","meta":{"footnotes":""},"class_list":["post-1016","page","type-page","status-publish","hentry"],"_links":{"self":[{"href":"https:\/\/gercyl.com\/index.php\/wp-json\/wp\/v2\/pages\/1016","targetHints":{"allow":["GET"]}}],"collection":[{"href":"https:\/\/gercyl.com\/index.php\/wp-json\/wp\/v2\/pages"}],"about":[{"href":"https:\/\/gercyl.com\/index.php\/wp-json\/wp\/v2\/types\/page"}],"author":[{"embeddable":true,"href":"https:\/\/gercyl.com\/index.php\/wp-json\/wp\/v2\/users\/1"}],"replies":[{"embeddable":true,"href":"https:\/\/gercyl.com\/index.php\/wp-json\/wp\/v2\/comments?post=1016"}],"version-history":[{"count":10,"href":"https:\/\/gercyl.com\/index.php\/wp-json\/wp\/v2\/pages\/1016\/revisions"}],"predecessor-version":[{"id":1129,"href":"https:\/\/gercyl.com\/index.php\/wp-json\/wp\/v2\/pages\/1016\/revisions\/1129"}],"wp:attachment":[{"href":"https:\/\/gercyl.com\/index.php\/wp-json\/wp\/v2\/media?parent=1016"}],"curies":[{"name":"wp","href":"https:\/\/api.w.org\/{rel}","templated":true}]}}